{"id":88,"date":"2022-09-26T14:19:19","date_gmt":"2022-09-26T12:19:19","guid":{"rendered":"https:\/\/www.haupthoff.de\/cms\/?page_id=88"},"modified":"2023-01-06T17:15:30","modified_gmt":"2023-01-06T16:15:30","slug":"disclaimer","status":"publish","type":"page","link":"https:\/\/www.haupthoff.de\/cms\/kontakt\/disclaimer\/","title":{"rendered":"Disclaimer"},"content":{"rendered":"<div class=\"wpb-content-wrapper\"><p>[vc_row type=&#8220;vc_default&#8220; full_width=&#8220;stretch_row_content&#8220; full_height=&#8220;yes&#8220; columns_placement=&#8220;top&#8220; equal_height=&#8220;yes&#8220; content_placement=&#8220;top&#8220; css=&#8220;.vc_custom_1671554739961{margin-top: 0px !important;margin-right: 0px !important;margin-bottom: 0px !important;margin-left: 0px !important;border-top-width: 0px !important;border-right-width: 0px !important;border-bottom-width: 0px !important;border-left-width: 0px !important;padding-top: 0px !important;padding-right: 0px !important;padding-bottom: 0px !important;padding-left: 0px !important;background-image: url(https:\/\/www.haupthoff.de\/cms\/wp-content\/uploads\/2022\/12\/22_HH_Back_0033_2000_800.jpg?id=1436) !important;background-position: center !important;background-repeat: no-repeat !important;background-size: cover !important;}&#8220;][vc_column css=&#8220;.vc_custom_1669646477930{margin: 0px !important;padding: 0px !important;border: 0px initial !important;}&#8220;][vc_row_inner][vc_column_inner offset=&#8220;vc_hidden-xs&#8220;][vc_empty_space height=&#8220;50px&#8220; css=&#8220;.vc_custom_1669646979517{margin: 0px !important;padding: 0px !important;border: 0px initial !important;}&#8220;][\/vc_column_inner][\/vc_row_inner][vc_row_inner css=&#8220;.vc_custom_1669646635039{margin-top: 0px !important;margin-bottom: 0px !important;padding-top: 0px !important;padding-bottom: 0px !important;}&#8220;][vc_column_inner width=&#8220;1\/12&#8243; offset=&#8220;vc_col-lg-6 vc_col-md-1 vc_hidden-xs&#8220; css=&#8220;.vc_custom_1673021702676{margin-top: 0px !important;margin-right: 0px !important;margin-bottom: 0px !important;margin-left: 0px !important;padding-top: 0px !important;padding-right: 0px !important;padding-bottom: 0px !important;padding-left: 0px !important;}&#8220;][vc_single_image image=&#8220;206&#8243; img_size=&#8220;90%&#8220;][\/vc_column_inner][vc_column_inner width=&#8220;5\/6&#8243; css=&#8220;.vc_custom_1673021721292{background-color: rgba(8,44,80,0.9) !important;*background-color: rgb(8,44,80) !important;}&#8220; offset=&#8220;vc_col-lg-5 vc_col-md-10 vc_col-xs-12&#8243;][vc_column_text css_animation=&#8220;fadeIn&#8220; css=&#8220;.vc_custom_1672730956345{padding-top: 40px !important;padding-right: 40px !important;padding-left: 40px !important;}&#8220;]<\/p>\n<h1><span style=\"color: #ffffff;\">Disclaimer<\/span><\/h1>\n<p>&nbsp;<\/p>\n<p><span style=\"color: #ffffff;\">Auf dieser Seite finden Sie Informationen zu den nachstehenden Aspekten: Urheberrecht, Handelsmarken, Gew\u00e4hrleistung, externe Verweise und Links.<\/span>[\/vc_column_text]<style type=\"text\/css\" data-type=\"the7_shortcodes-inline-css\">.dt-shortcode-icon.icon-75da57151156c0a7d078b6e4e4b49acb {\n  min-width: 64px;\n  min-height: 64px;\n  font-size: 32px;\n  border-radius: 100px;\n}\n.dt-shortcode-icon.icon-75da57151156c0a7d078b6e4e4b49acb:last-child {\n  margin-right: 0;\n}\n.dt-shortcode-icon.icon-75da57151156c0a7d078b6e4e4b49acb .icon-inner {\n  margin: 0px;\n  min-width: 64px;\n  min-height: 64px;\n  border-radius: 100px;\n}\n.dt-shortcode-icon.icon-75da57151156c0a7d078b6e4e4b49acb .dt-hover-icon {\n  line-height: 64px;\n}\n.dt-shortcode-icon.icon-75da57151156c0a7d078b6e4e4b49acb:before,\n.dt-shortcode-icon.icon-75da57151156c0a7d078b6e4e4b49acb:after,\n.dt-shortcode-icon.icon-75da57151156c0a7d078b6e4e4b49acb .icon-inner:before,\n.dt-shortcode-icon.icon-75da57151156c0a7d078b6e4e4b49acb .icon-inner:after {\n  min-width: 100%;\n  min-height: 100%;\n  padding: inherit;\n  border-radius: inherit;\n}\n.dt-shortcode-icon.icon-75da57151156c0a7d078b6e4e4b49acb.dt-icon-border-on:before {\n  border-width: 0px;\n  border-style: solid;\n}\n.dt-icon-border-dashed.dt-shortcode-icon.icon-75da57151156c0a7d078b6e4e4b49acb.dt-icon-border-on:before {\n  border-style: dashed;\n}\n.dt-icon-border-dotted.dt-shortcode-icon.icon-75da57151156c0a7d078b6e4e4b49acb.dt-icon-border-on:before {\n  border-style: dotted;\n}\n.dt-icon-border-double.dt-shortcode-icon.icon-75da57151156c0a7d078b6e4e4b49acb.dt-icon-border-on:before {\n  border-style: double;\n}\n.dt-shortcode-icon.icon-75da57151156c0a7d078b6e4e4b49acb.dt-icon-hover-border-on:after {\n  border-width: 0px;\n  border-style: solid;\n}\n.dt-icon-border-dashed.dt-shortcode-icon.icon-75da57151156c0a7d078b6e4e4b49acb.dt-icon-hover-border-on:after {\n  border-style: dashed;\n}\n.dt-icon-border-dotted.dt-shortcode-icon.icon-75da57151156c0a7d078b6e4e4b49acb.dt-icon-hover-border-on:after {\n  border-style: dotted;\n}\n.dt-icon-border-double.dt-shortcode-icon.icon-75da57151156c0a7d078b6e4e4b49acb.dt-icon-hover-border-on:after {\n  border-style: double;\n}\n.dt-shortcode-icon.icon-75da57151156c0a7d078b6e4e4b49acb.dt-icon-hover-on:hover {\n  font-size: 32px;\n}\n#page .dt-shortcode-icon.icon-75da57151156c0a7d078b6e4e4b49acb.dt-icon-hover-on:hover .soc-font-icon,\n#phantom .dt-shortcode-icon.icon-75da57151156c0a7d078b6e4e4b49acb.dt-icon-hover-on:hover .soc-font-icon,\n#page .dt-shortcode-icon.icon-75da57151156c0a7d078b6e4e4b49acb.dt-icon-hover-on:hover .soc-icon,\n#phantom .dt-shortcode-icon.icon-75da57151156c0a7d078b6e4e4b49acb.dt-icon-hover-on:hover .soc-icon {\n  color: rgba(255,255,255,0.75);\n  background: none;\n}\n#page .dt-shortcode-icon.icon-75da57151156c0a7d078b6e4e4b49acb.dt-icon-hover-on:not(:hover) .soc-font-icon,\n#phantom .dt-shortcode-icon.icon-75da57151156c0a7d078b6e4e4b49acb.dt-icon-hover-on:not(:hover) .soc-font-icon,\n#page .dt-shortcode-icon.icon-75da57151156c0a7d078b6e4e4b49acb.dt-icon-hover-on:not(:hover) .soc-icon,\n#phantom .dt-shortcode-icon.icon-75da57151156c0a7d078b6e4e4b49acb.dt-icon-hover-on:not(:hover) .soc-icon,\n#page .dt-shortcode-icon.icon-75da57151156c0a7d078b6e4e4b49acb.dt-icon-hover-off .soc-font-icon,\n#phantom .dt-shortcode-icon.icon-75da57151156c0a7d078b6e4e4b49acb.dt-icon-hover-off .soc-font-icon,\n#page .dt-shortcode-icon.icon-75da57151156c0a7d078b6e4e4b49acb.dt-icon-hover-off .soc-icon,\n#phantom .dt-shortcode-icon.icon-75da57151156c0a7d078b6e4e4b49acb.dt-icon-hover-off .soc-icon {\n  color: #ffffff;\n  background: none;\n}\n.dt-shortcode-icon.icon-75da57151156c0a7d078b6e4e4b49acb .soc-font-icon,\n.dt-shortcode-icon.icon-75da57151156c0a7d078b6e4e4b49acb .soc-icon {\n  font-size: 32px;\n}\n<\/style><div class=\"dt-shortcode-icon-wrap  \"><a title=\"\" href=\"#TOP\" class=\"anchor-link the7-hide-icons icon-75da57151156c0a7d078b6e4e4b49acb dt-shortcode-icon dt-icon-bg-off dt-icon-hover-on dt-icon-hover-bg-off  vc_custom_1669392977383 \" ><span class=\"icon-inner\"><i class=\"dt-regular-icon soc-icon dt-icon-the7-hide-icons\"><\/i><i class=\"dt-hover-icon soc-icon dt-icon-the7-hide-icons\"><\/i><span class=\"screen-reader-text\"><\/span><\/span><\/a><\/div>[vc_empty_space height=&#8220;40px&#8220;][\/vc_column_inner][vc_column_inner width=&#8220;1\/12&#8243; offset=&#8220;vc_col-lg-1 vc_col-md-1 vc_hidden-xs&#8220;][\/vc_column_inner][\/vc_row_inner][vc_row_inner css=&#8220;.vc_custom_1669647086975{margin: 0px !important;padding: 0px !important;border: 0px initial !important;}&#8220;][vc_column_inner offset=&#8220;vc_hidden-xs&#8220;][vc_empty_space height=&#8220;50px&#8220; css=&#8220;.vc_custom_1669646979517{margin: 0px !important;padding: 0px !important;border: 0px initial !important;}&#8220;][\/vc_column_inner][\/vc_row_inner][\/vc_column][\/vc_row][vc_row][vc_column][vc_empty_space height=&#8220;50px&#8220;][\/vc_column][\/vc_row][vc_row type=&#8220;vc_default&#8220; gap=&#8220;35&#8243; content_placement=&#8220;top&#8220; css=&#8220;.vc_custom_1671522066754{margin-top: 0px !important;margin-right: 0px !important;margin-bottom: 0px !important;margin-left: 0px !important;border-top-width: 0px !important;border-right-width: 0px !important;border-bottom-width: 0px !important;border-left-width: 0px !important;padding-top: 0px !important;padding-right: 0px !important;padding-bottom: 0px !important;padding-left: 0px !important;}&#8220; el_id=&#8220;TOP&#8220;][vc_column css_animation=&#8220;none&#8220; css=&#8220;.vc_custom_1664207624049{margin-top: 0px !important;margin-right: 0px !important;margin-bottom: 0px !important;margin-left: 0px !important;border-top-width: 0px !important;border-right-width: 0px !important;border-bottom-width: 0px !important;border-left-width: 0px !important;padding-top: 0px !important;padding-right: 0px !important;padding-bottom: 0px !important;padding-left: 0px !important;}&#8220;][vc_row_inner][vc_column_inner][vc_column_text]<\/p>\n<h3>Urheberrecht<\/h3>\n<p>Copyright 2016 &#8211; heute by HELLMICHMEDIA Werbeagentur. Alle Rechte vorbehalten. Alle Texte, Bilder, Graphiken, Ton-, Video- und Animationsdateien sowie ihre Arrangements unterliegen dem Urheberrecht und anderen Gesetzen zum Schutz geistigen Eigentums. Sie d\u00fcrfen weder f\u00fcr Handelszwecke oder zur Weitergabe kopiert, noch ver\u00e4ndert und auf anderen Web-Sites verwendet werden.[\/vc_column_text][vc_empty_space height=&#8220;30px&#8220;][vc_column_text]<\/p>\n<h3>Handelsmarken<\/h3>\n<p>Wo nicht anders angegeben, sind alle auf den Seiten der Egon Haupthoff GmbH &amp; Co. KG genannten Handelsmarken (Produktbezeichnungen, Beschreibungen) ggf. gesetzlich gesch\u00fctzte Warenzeichen der jeweiligen Hersteller, einschlie\u00dflich aller Logos und Embleme der auf dieser Website aufgef\u00fchrten Produkte.[\/vc_column_text][vc_empty_space height=&#8220;30px&#8220;][vc_column_text]<\/p>\n<h3>Gew\u00e4hrleistung<\/h3>\n<p>Die Informationen stellt die Egon Haupthoff GmbH &amp; Co. KG ohne jegliche Zusicherung oder Gew\u00e4hrleistung jedweder Art, sei sie ausdr\u00fccklich oder stillschweigend, zur Verf\u00fcgung. Auch wenn wir davon ausgehen, dass die von uns gegebenen Informationen zutreffend sind, k\u00f6nnen sie dennoch Fehler oder Ungenauigkeiten enthalten.[\/vc_column_text][vc_empty_space height=&#8220;30px&#8220;][vc_column_text]<\/p>\n<h3>Externe Verweise und Links<\/h3>\n<p>Mit Urteil vom 12.Mai 1998 hat das LG Hamburg entschieden, dass man durch die Ausbringung eines Links die Inhalte der gelinkten Seite ggf. mit zu verantworten hat. Dies kann, so das LG, nur dadurch verhindert werden, dass man sich ausdr\u00fccklich von diesen Inhalten distanziert. Wir haben auf unseren Seiten Links zu Seiten im Internet gelegt, deren Inhalt und Aktualisierung nicht dem Einflussbereich der Egon Haupthoff GmbH &amp; Co. KG unterliegen. F\u00fcr alle diese Links gilt: Die Egon Haupthoff GmbH &amp; Co. KG hat keinen Einfluss auf Gestaltung und Inhalte fremder Internetseiten. Sie distanziert sich daher von allen fremden Inhalten, auch wenn von Seiten der Egon Haupthoff GmbH &amp; Co. KG auf diese externe Seiten ein Link gesetzt wurde. Diese Erkl\u00e4rung gilt f\u00fcr alle auf unseren Homepages angezeigten Links und f\u00fcr alle Inhalte der Seiten, zu denen die bei uns angemeldeten Banner und Links f\u00fchren.[\/vc_column_text][\/vc_column_inner][\/vc_row_inner][\/vc_column][\/vc_row][vc_row][vc_column][vc_empty_space height=&#8220;100px&#8220;][\/vc_column][\/vc_row]<\/p>\n<\/div>","protected":false},"excerpt":{"rendered":"<p>[vc_row type=&#8220;vc_default&#8220; full_width=&#8220;stretch_row_content&#8220; full_height=&#8220;yes&#8220; columns_placement=&#8220;top&#8220; equal_height=&#8220;yes&#8220; content_placement=&#8220;top&#8220; css=&#8220;.vc_custom_1671554739961{margin-top: 0px !important;margin-right: 0px !important;margin-bottom: 0px !important;margin-left: 0px !important;border-top-width: 0px !important;border-right-width: 0px !important;border-bottom-width: 0px !important;border-left-width: 0px !important;padding-top: 0px !important;padding-right: 0px !important;padding-bottom: 0px !important;padding-left: 0px !important;background-image: url(https:\/\/www.haupthoff.de\/cms\/wp-content\/uploads\/2022\/12\/22_HH_Back_0033_2000_800.jpg?id=1436) !important;background-position: center !important;background-repeat: no-repeat !important;background-size: cover !important;}&#8220;][vc_column css=&#8220;.vc_custom_1669646477930{margin: 0px !important;padding: 0px !important;border: 0px initial !important;}&#8220;][vc_row_inner][vc_column_inner offset=&#8220;vc_hidden-xs&#8220;][vc_empty_space height=&#8220;50px&#8220; css=&#8220;.vc_custom_1669646979517{margin: 0px !important;padding: 0px !important;border:&hellip;<\/p>\n","protected":false},"author":1,"featured_media":0,"parent":46,"menu_order":920,"comment_status":"closed","ping_status":"closed","template":"","meta":{"footnotes":""},"class_list":["post-88","page","type-page","status-publish","hentry","description-off"],"_links":{"self":[{"href":"https:\/\/www.haupthoff.de\/cms\/wp-json\/wp\/v2\/pages\/88","targetHints":{"allow":["GET"]}}],"collection":[{"href":"https:\/\/www.haupthoff.de\/cms\/wp-json\/wp\/v2\/pages"}],"about":[{"href":"https:\/\/www.haupthoff.de\/cms\/wp-json\/wp\/v2\/types\/page"}],"author":[{"embeddable":true,"href":"https:\/\/www.haupthoff.de\/cms\/wp-json\/wp\/v2\/users\/1"}],"replies":[{"embeddable":true,"href":"https:\/\/www.haupthoff.de\/cms\/wp-json\/wp\/v2\/comments?post=88"}],"version-history":[{"count":8,"href":"https:\/\/www.haupthoff.de\/cms\/wp-json\/wp\/v2\/pages\/88\/revisions"}],"predecessor-version":[{"id":2036,"href":"https:\/\/www.haupthoff.de\/cms\/wp-json\/wp\/v2\/pages\/88\/revisions\/2036"}],"up":[{"embeddable":true,"href":"https:\/\/www.haupthoff.de\/cms\/wp-json\/wp\/v2\/pages\/46"}],"wp:attachment":[{"href":"https:\/\/www.haupthoff.de\/cms\/wp-json\/wp\/v2\/media?parent=88"}],"curies":[{"name":"wp","href":"https:\/\/api.w.org\/{rel}","templated":true}]}}